{"id":586,"date":"2024-04-08T10:56:41","date_gmt":"2024-04-08T08:56:41","guid":{"rendered":"https:\/\/yogaseamersion.fr\/?post_type=product&#038;p=586"},"modified":"2024-04-16T12:54:48","modified_gmt":"2024-04-16T10:54:48","slug":"yoga-flow-fresque-oceane","status":"publish","type":"product","link":"https:\/\/yogaseamersion.fr\/index.php\/produit\/yoga-flow-fresque-oceane\/","title":{"rendered":"Yoga Flow &#038; Fresque Oc\u00e9ane"},"content":{"rendered":"<p>Participez \u00e0 un \u00e9v\u00e9nement d\u00e9di\u00e9 \u00e0 l&rsquo;engagement &amp; au bien-\u00eatre en lien avec l&rsquo;oc\u00e9an.<\/p>\n<p>Bien-\u00eatre et engagement : se reconnecter \u00e0 soi, aux autres et \u00e0 l&rsquo;oc\u00e9an pour comprendre et agir dans le monde positivement.<\/p>\n<p>Demi-journ\u00e9e propos\u00e9e par Yoga Seamersion et HelloNouvelleVague<\/p>\n<p>18 mai, 14-18h<\/p>\n","protected":false},"excerpt":{"rendered":"<p>Participez \u00e0 un \u00e9v\u00e9nement d\u00e9di\u00e9 \u00e0 l&rsquo;engagement &amp; au bien-\u00eatre en lien avec l&rsquo;oc\u00e9an.<\/p>\n<p>Bien-\u00eatre et engagement : se reconnecter \u00e0 soi, aux autres et \u00e0 l&rsquo;oc\u00e9an pour comprendre et agir dans le monde positivement.<\/p>\n<p>Demi-journ\u00e9e propos\u00e9e par Yoga Seamersion et HelloNouvelleVague<\/p>\n<p>18 mai, 14h-18h<\/p>\n","protected":false},"featured_media":362,"comment_status":"open","ping_status":"closed","template":"","meta":[],"product_cat":[20],"product_tag":[],"_links":{"self":[{"href":"https:\/\/yogaseamersion.fr\/index.php\/wp-json\/wp\/v2\/product\/586"}],"collection":[{"href":"https:\/\/yogaseamersion.fr\/index.php\/wp-json\/wp\/v2\/product"}],"about":[{"href":"https:\/\/yogaseamersion.fr\/index.php\/wp-json\/wp\/v2\/types\/product"}],"replies":[{"embeddable":true,"href":"https:\/\/yogaseamersion.fr\/index.php\/wp-json\/wp\/v2\/comments?post=586"}],"wp:featuredmedia":[{"embeddable":true,"href":"https:\/\/yogaseamersion.fr\/index.php\/wp-json\/wp\/v2\/media\/362"}],"wp:attachment":[{"href":"https:\/\/yogaseamersion.fr\/index.php\/wp-json\/wp\/v2\/media?parent=586"}],"wp:term":[{"taxonomy":"product_cat","embeddable":true,"href":"https:\/\/yogaseamersion.fr\/index.php\/wp-json\/wp\/v2\/product_cat?post=586"},{"taxonomy":"product_tag","embeddable":true,"href":"https:\/\/yogaseamersion.fr\/index.php\/wp-json\/wp\/v2\/product_tag?post=586"}],"curies":[{"name":"wp","href":"https:\/\/api.w.org\/{rel}","templated":true}]}}