{"id":594,"date":"2024-04-10T13:50:42","date_gmt":"2024-04-10T11:50:42","guid":{"rendered":"https:\/\/yogaseamersion.fr\/?post_type=product&#038;p=594"},"modified":"2024-04-10T13:50:42","modified_gmt":"2024-04-10T11:50:42","slug":"sunset-yoga","status":"publish","type":"product","link":"https:\/\/yogaseamersion.fr\/index.php\/produit\/sunset-yoga\/","title":{"rendered":"Sunset Yoga"},"content":{"rendered":"<p>Sunset Yoga \u00e0 Saint Malo<\/p>\n<div class=\"xdj266r x11i5rnm xat24cr x1mh8g0r x1vvkbs\">Cours de yoga \u00e0 la cit\u00e9 d&rsquo;Alet, Saint Malo.<br \/>\nCours accessible \u00e0 tous\/tes<br \/>\n10 euros\/cours<br \/>\nVenir en tenue et avec son tapis<\/div>\n<div class=\"x11i5rnm xat24cr x1mh8g0r x1vvkbs xtlvy1s\">Possibilit\u00e9 de r\u00e9gler en ch\u00e8ques vacances (me contacter en mp)<\/div>\n","protected":false},"excerpt":{"rendered":"<p>Sunset Yoga \u00e0 Saint Malo<\/p>\n<div class=\"xdj266r x11i5rnm xat24cr x1mh8g0r x1vvkbs\">Cours de yoga \u00e0 la cit\u00e9 d&rsquo;Alet, Saint Malo.<br \/>\nCours accessible \u00e0 tous\/tes<br \/>\n10 euros\/cours<br \/>\nVenir en tenue et avec son tapis<\/div>\n<div class=\"x11i5rnm xat24cr x1mh8g0r x1vvkbs xtlvy1s\">Possibilit\u00e9 de r\u00e9gler en ch\u00e8ques vacances (me contacter en mp)<\/div>\n","protected":false},"featured_media":591,"comment_status":"open","ping_status":"closed","template":"","meta":[],"product_cat":[20],"product_tag":[],"_links":{"self":[{"href":"https:\/\/yogaseamersion.fr\/index.php\/wp-json\/wp\/v2\/product\/594"}],"collection":[{"href":"https:\/\/yogaseamersion.fr\/index.php\/wp-json\/wp\/v2\/product"}],"about":[{"href":"https:\/\/yogaseamersion.fr\/index.php\/wp-json\/wp\/v2\/types\/product"}],"replies":[{"embeddable":true,"href":"https:\/\/yogaseamersion.fr\/index.php\/wp-json\/wp\/v2\/comments?post=594"}],"wp:featuredmedia":[{"embeddable":true,"href":"https:\/\/yogaseamersion.fr\/index.php\/wp-json\/wp\/v2\/media\/591"}],"wp:attachment":[{"href":"https:\/\/yogaseamersion.fr\/index.php\/wp-json\/wp\/v2\/media?parent=594"}],"wp:term":[{"taxonomy":"product_cat","embeddable":true,"href":"https:\/\/yogaseamersion.fr\/index.php\/wp-json\/wp\/v2\/product_cat?post=594"},{"taxonomy":"product_tag","embeddable":true,"href":"https:\/\/yogaseamersion.fr\/index.php\/wp-json\/wp\/v2\/product_tag?post=594"}],"curies":[{"name":"wp","href":"https:\/\/api.w.org\/{rel}","templated":true}]}}